{"id":375,"date":"2017-10-18T23:05:56","date_gmt":"2017-10-18T21:05:56","guid":{"rendered":"http:\/\/hervevalez.fr\/?post_type=product&#038;p=375"},"modified":"2021-06-03T10:34:12","modified_gmt":"2021-06-03T08:34:12","slug":"ghost-civilisation","status":"publish","type":"product","link":"https:\/\/hervevalez.fr\/?product=ghost-civilisation","title":{"rendered":"Ghost civilisation"},"content":{"rendered":"<p>\u00ab\u00a0Ghost civilisation\u00a0\u00bb est une photo de 1981 r\u00e9alis\u00e9e sur diapositive 24&#215;36. Elle est disponible en plusieurs formats. Tirage papier Fine Art certifi\u00e9 et sign\u00e9. Vous avez le choix entre le tirage seul ou contrecoll\u00e9 sur <a href=\"http:\/\/hervevalez.fr\/contrecollage\/\">Alu-Dibond.<\/a><br \/>\nIl sera r\u00e9alis\u00e9 au total 30 exemplaires seulement de cette image tous formats confondus.<br \/>\nLivr\u00e9e avec son certificat d&rsquo;authenticit\u00e9 num\u00e9rot\u00e9.<\/p>\n","protected":false},"excerpt":{"rendered":"<p><a href=\"http:\/\/hervevalez.fr\/wp-content\/uploads\/2017\/10\/Ghost-civisation-img753-vignette20x30-30x40.jpg\"><img loading=\"lazy\" decoding=\"async\" class=\"alignnone size-medium wp-image-376\" src=\"http:\/\/hervevalez.fr\/wp-content\/uploads\/2017\/10\/Ghost-civisation-img753-vignette20x30-30x40-199x300.jpg\" alt=\"\" width=\"199\" height=\"300\" \/><\/a><\/p>\n","protected":false},"featured_media":496,"template":"","meta":{"jetpack_post_was_ever_published":false},"product_brand":[],"product_cat":[65,19],"product_tag":[],"class_list":{"0":"post-375","1":"product","2":"type-product","3":"status-publish","4":"has-post-thumbnail","6":"product_cat-glauque","7":"product_cat-societe","9":"first","10":"instock","11":"shipping-taxable","12":"purchasable","13":"product-type-variable"},"yoast_head":"<!-- This site is optimized with the Yoast SEO plugin v25.5 - https:\/\/yoast.com\/wordpress\/plugins\/seo\/ -->\n<title>Ghost civilisation - Herve Valez photographie<\/title>\n<meta name=\"robots\" content=\"index, follow, max-snippet:-1, max-image-preview:large, max-video-preview:-1\" \/>\n<link rel=\"canonical\" href=\"https:\/\/hervevalez.fr\/?product=ghost-civilisation\" \/>\n<meta property=\"og:locale\" content=\"fr_FR\" \/>\n<meta property=\"og:type\" content=\"article\" \/>\n<meta property=\"og:title\" content=\"Ghost civilisation - Herve Valez photographie\" \/>\n<meta property=\"og:url\" content=\"https:\/\/hervevalez.fr\/?product=ghost-civilisation\" \/>\n<meta property=\"og:site_name\" content=\"Herve Valez photographie\" \/>\n<meta property=\"article:modified_time\" content=\"2021-06-03T08:34:12+00:00\" \/>\n<meta property=\"og:image\" content=\"https:\/\/hervevalez.fr\/wp-content\/uploads\/2017\/10\/Ghost-civilisation.jpg\" \/>\n\t<meta property=\"og:image:width\" content=\"598\" \/>\n\t<meta property=\"og:image:height\" content=\"900\" \/>\n\t<meta property=\"og:image:type\" content=\"image\/jpeg\" \/>\n<script type=\"application\/ld+json\" class=\"yoast-schema-graph\">{\"@context\":\"https:\/\/schema.org\",\"@graph\":[{\"@type\":\"WebPage\",\"@id\":\"https:\/\/hervevalez.fr\/?product=ghost-civilisation\",\"url\":\"https:\/\/hervevalez.fr\/?product=ghost-civilisation\",\"name\":\"Ghost civilisation - Herve Valez photographie\",\"isPartOf\":{\"@id\":\"https:\/\/hervevalez.fr\/#website\"},\"primaryImageOfPage\":{\"@id\":\"https:\/\/hervevalez.fr\/?product=ghost-civilisation#primaryimage\"},\"image\":{\"@id\":\"https:\/\/hervevalez.fr\/?product=ghost-civilisation#primaryimage\"},\"thumbnailUrl\":\"https:\/\/i0.wp.com\/hervevalez.fr\/wp-content\/uploads\/2017\/10\/Ghost-civilisation.jpg?fit=598%2C900&ssl=1\",\"datePublished\":\"2017-10-18T21:05:56+00:00\",\"dateModified\":\"2021-06-03T08:34:12+00:00\",\"breadcrumb\":{\"@id\":\"https:\/\/hervevalez.fr\/?product=ghost-civilisation#breadcrumb\"},\"inLanguage\":\"fr-FR\",\"potentialAction\":[{\"@type\":\"ReadAction\",\"target\":[\"https:\/\/hervevalez.fr\/?product=ghost-civilisation\"]}]},{\"@type\":\"ImageObject\",\"inLanguage\":\"fr-FR\",\"@id\":\"https:\/\/hervevalez.fr\/?product=ghost-civilisation#primaryimage\",\"url\":\"https:\/\/i0.wp.com\/hervevalez.fr\/wp-content\/uploads\/2017\/10\/Ghost-civilisation.jpg?fit=598%2C900&ssl=1\",\"contentUrl\":\"https:\/\/i0.wp.com\/hervevalez.fr\/wp-content\/uploads\/2017\/10\/Ghost-civilisation.jpg?fit=598%2C900&ssl=1\",\"width\":598,\"height\":900},{\"@type\":\"BreadcrumbList\",\"@id\":\"https:\/\/hervevalez.fr\/?product=ghost-civilisation#breadcrumb\",\"itemListElement\":[{\"@type\":\"ListItem\",\"position\":1,\"name\":\"Accueil\",\"item\":\"https:\/\/hervevalez.fr\/\"},{\"@type\":\"ListItem\",\"position\":2,\"name\":\"Galerie\",\"item\":\"https:\/\/hervevalez.fr\/?page_id=194\"},{\"@type\":\"ListItem\",\"position\":3,\"name\":\"Ghost civilisation\"}]},{\"@type\":\"WebSite\",\"@id\":\"https:\/\/hervevalez.fr\/#website\",\"url\":\"https:\/\/hervevalez.fr\/\",\"name\":\"Herve Valez photographie\",\"description\":\"Galerie des photos d&#039;art du photographe Herv\u00e9 Valez\",\"potentialAction\":[{\"@type\":\"SearchAction\",\"target\":{\"@type\":\"EntryPoint\",\"urlTemplate\":\"https:\/\/hervevalez.fr\/?s={search_term_string}\"},\"query-input\":{\"@type\":\"PropertyValueSpecification\",\"valueRequired\":true,\"valueName\":\"search_term_string\"}}],\"inLanguage\":\"fr-FR\"}]}<\/script>\n<!-- \/ Yoast SEO plugin. -->","yoast_head_json":{"title":"Ghost civilisation - Herve Valez photographie","robots":{"index":"index","follow":"follow","max-snippet":"max-snippet:-1","max-image-preview":"max-image-preview:large","max-video-preview":"max-video-preview:-1"},"canonical":"https:\/\/hervevalez.fr\/?product=ghost-civilisation","og_locale":"fr_FR","og_type":"article","og_title":"Ghost civilisation - Herve Valez photographie","og_url":"https:\/\/hervevalez.fr\/?product=ghost-civilisation","og_site_name":"Herve Valez photographie","article_modified_time":"2021-06-03T08:34:12+00:00","og_image":[{"width":598,"height":900,"url":"https:\/\/hervevalez.fr\/wp-content\/uploads\/2017\/10\/Ghost-civilisation.jpg","type":"image\/jpeg"}],"schema":{"@context":"https:\/\/schema.org","@graph":[{"@type":"WebPage","@id":"https:\/\/hervevalez.fr\/?product=ghost-civilisation","url":"https:\/\/hervevalez.fr\/?product=ghost-civilisation","name":"Ghost civilisation - Herve Valez photographie","isPartOf":{"@id":"https:\/\/hervevalez.fr\/#website"},"primaryImageOfPage":{"@id":"https:\/\/hervevalez.fr\/?product=ghost-civilisation#primaryimage"},"image":{"@id":"https:\/\/hervevalez.fr\/?product=ghost-civilisation#primaryimage"},"thumbnailUrl":"https:\/\/i0.wp.com\/hervevalez.fr\/wp-content\/uploads\/2017\/10\/Ghost-civilisation.jpg?fit=598%2C900&ssl=1","datePublished":"2017-10-18T21:05:56+00:00","dateModified":"2021-06-03T08:34:12+00:00","breadcrumb":{"@id":"https:\/\/hervevalez.fr\/?product=ghost-civilisation#breadcrumb"},"inLanguage":"fr-FR","potentialAction":[{"@type":"ReadAction","target":["https:\/\/hervevalez.fr\/?product=ghost-civilisation"]}]},{"@type":"ImageObject","inLanguage":"fr-FR","@id":"https:\/\/hervevalez.fr\/?product=ghost-civilisation#primaryimage","url":"https:\/\/i0.wp.com\/hervevalez.fr\/wp-content\/uploads\/2017\/10\/Ghost-civilisation.jpg?fit=598%2C900&ssl=1","contentUrl":"https:\/\/i0.wp.com\/hervevalez.fr\/wp-content\/uploads\/2017\/10\/Ghost-civilisation.jpg?fit=598%2C900&ssl=1","width":598,"height":900},{"@type":"BreadcrumbList","@id":"https:\/\/hervevalez.fr\/?product=ghost-civilisation#breadcrumb","itemListElement":[{"@type":"ListItem","position":1,"name":"Accueil","item":"https:\/\/hervevalez.fr\/"},{"@type":"ListItem","position":2,"name":"Galerie","item":"https:\/\/hervevalez.fr\/?page_id=194"},{"@type":"ListItem","position":3,"name":"Ghost civilisation"}]},{"@type":"WebSite","@id":"https:\/\/hervevalez.fr\/#website","url":"https:\/\/hervevalez.fr\/","name":"Herve Valez photographie","description":"Galerie des photos d&#039;art du photographe Herv\u00e9 Valez","potentialAction":[{"@type":"SearchAction","target":{"@type":"EntryPoint","urlTemplate":"https:\/\/hervevalez.fr\/?s={search_term_string}"},"query-input":{"@type":"PropertyValueSpecification","valueRequired":true,"valueName":"search_term_string"}}],"inLanguage":"fr-FR"}]}},"jetpack_sharing_enabled":true,"jetpack_likes_enabled":true,"jetpack-related-posts":[],"_links":{"self":[{"href":"https:\/\/hervevalez.fr\/index.php?rest_route=\/wp\/v2\/product\/375","targetHints":{"allow":["GET"]}}],"collection":[{"href":"https:\/\/hervevalez.fr\/index.php?rest_route=\/wp\/v2\/product"}],"about":[{"href":"https:\/\/hervevalez.fr\/index.php?rest_route=\/wp\/v2\/types\/product"}],"wp:featuredmedia":[{"embeddable":true,"href":"https:\/\/hervevalez.fr\/index.php?rest_route=\/wp\/v2\/media\/496"}],"wp:attachment":[{"href":"https:\/\/hervevalez.fr\/index.php?rest_route=%2Fwp%2Fv2%2Fmedia&parent=375"}],"wp:term":[{"taxonomy":"product_brand","embeddable":true,"href":"https:\/\/hervevalez.fr\/index.php?rest_route=%2Fwp%2Fv2%2Fproduct_brand&post=375"},{"taxonomy":"product_cat","embeddable":true,"href":"https:\/\/hervevalez.fr\/index.php?rest_route=%2Fwp%2Fv2%2Fproduct_cat&post=375"},{"taxonomy":"product_tag","embeddable":true,"href":"https:\/\/hervevalez.fr\/index.php?rest_route=%2Fwp%2Fv2%2Fproduct_tag&post=375"}],"curies":[{"name":"wp","href":"https:\/\/api.w.org\/{rel}","templated":true}]}}