{"id":373,"date":"2017-10-18T23:02:34","date_gmt":"2017-10-18T21:02:34","guid":{"rendered":"http:\/\/hervevalez.fr\/?post_type=product&#038;p=373"},"modified":"2017-10-25T22:21:00","modified_gmt":"2017-10-25T20:21:00","slug":"afterfire","status":"publish","type":"product","link":"https:\/\/hervevalez.fr\/?product=afterfire","title":{"rendered":"AfterFire  \u00a92016"},"content":{"rendered":"<p><strong>\u0152UVRE ORIGINALE<\/strong><br \/>\n\u00ab\u00a0AfterFire\u00a0\u00bb est une \u0153uvre grand format tir\u00e9e en un exemplaire unique.\u2028 Elle est propos\u00e9e au format <strong>60x90cm<\/strong> sur un seul panneau.\u2028 Tirage fine art certifi\u00e9 contrecoll\u00e9 sur <a href=\"http:\/\/hervevalez.fr\/contrecollage\/\">alu-dibond<\/a>.\u2028 Elle est sign\u00e9e et livr\u00e9e avec son certificat d&#039;authenticit\u00e9.<br \/>\nAu choix: Exp\u00e9di\u00e9e directement \u00e0 votre adresse ou r\u00e9serv\u00e9e puis enlev\u00e9e sur place au studio du photographe.<br \/>\nVoir <a href=\"http:\/\/hervevalez.fr\/conditions\/\">conditions<\/a><\/p>\n<p>Mise en situation d&rsquo;AfterFire<br \/>\n<img data-recalc-dims=\"1\" loading=\"lazy\" decoding=\"async\" data-attachment-id=\"616\" data-permalink=\"https:\/\/hervevalez.fr\/?attachment_id=616\" data-orig-file=\"https:\/\/i0.wp.com\/hervevalez.fr\/wp-content\/uploads\/2017\/10\/presentation-AfterFire.jpg?fit=1200%2C900&amp;ssl=1\" data-orig-size=\"1200,900\" data-comments-opened=\"1\" data-image-meta=\"{&quot;aperture&quot;:&quot;0&quot;,&quot;credit&quot;:&quot;&quot;,&quot;camera&quot;:&quot;&quot;,&quot;caption&quot;:&quot;&quot;,&quot;created_timestamp&quot;:&quot;0&quot;,&quot;copyright&quot;:&quot;Dmitry Koksharov&quot;,&quot;focal_length&quot;:&quot;0&quot;,&quot;iso&quot;:&quot;0&quot;,&quot;shutter_speed&quot;:&quot;0&quot;,&quot;title&quot;:&quot;&quot;,&quot;orientation&quot;:&quot;0&quot;}\" data-image-title=\"presentation-AfterFire\" data-image-description=\"\" data-image-caption=\"\" data-medium-file=\"https:\/\/i0.wp.com\/hervevalez.fr\/wp-content\/uploads\/2017\/10\/presentation-AfterFire.jpg?fit=300%2C225&amp;ssl=1\" data-large-file=\"https:\/\/i0.wp.com\/hervevalez.fr\/wp-content\/uploads\/2017\/10\/presentation-AfterFire.jpg?fit=980%2C735&amp;ssl=1\" src=\"https:\/\/i0.wp.com\/hervevalez.fr\/wp-content\/uploads\/2017\/10\/presentation-AfterFire.jpg?resize=600%2C400\" alt=\"\" width=\"600\" height=\"400\" class=\"alignnone size-medium wp-image-616\" \/><\/p>\n","protected":false},"excerpt":{"rendered":"<p><a href=\"http:\/\/hervevalez.fr\/wp-content\/uploads\/2017\/10\/AfterFire-2016-vignette60x90.jpg\"><img loading=\"lazy\" decoding=\"async\" src=\"http:\/\/hervevalez.fr\/wp-content\/uploads\/2017\/10\/AfterFire-2016-vignette60x90-199x300.jpg\" alt=\"\" width=\"199\" height=\"300\" class=\"alignnone size-medium wp-image-374\" srcset=\"https:\/\/i0.wp.com\/hervevalez.fr\/wp-content\/uploads\/2017\/10\/AfterFire-2016-vignette60x90.jpg?resize=199%2C300&amp;ssl=1 199w, https:\/\/i0.wp.com\/hervevalez.fr\/wp-content\/uploads\/2017\/10\/AfterFire-2016-vignette60x90.jpg?w=300&amp;ssl=1 300w\" sizes=\"auto, (max-width: 199px) 100vw, 199px\" \/><\/a><\/p>\n","protected":false},"featured_media":510,"template":"","meta":{"jetpack_post_was_ever_published":false},"product_brand":[],"product_cat":[63,18],"product_tag":[],"class_list":{"0":"post-373","1":"product","2":"type-product","3":"status-publish","4":"has-post-thumbnail","6":"product_cat-impressions","7":"product_cat-deformatee","8":"pa_choix-60x90exp","9":"pa_choix-60x90reserve","11":"first","12":"instock","13":"shipping-taxable","14":"purchasable","15":"product-type-variable"},"yoast_head":"<!-- This site is optimized with the Yoast SEO plugin v25.5 - https:\/\/yoast.com\/wordpress\/plugins\/seo\/ -->\n<title>AfterFire \u00a92016 - Herve Valez photographie<\/title>\n<meta name=\"robots\" content=\"index, follow, max-snippet:-1, max-image-preview:large, max-video-preview:-1\" \/>\n<link rel=\"canonical\" href=\"https:\/\/hervevalez.fr\/?product=afterfire\" \/>\n<meta property=\"og:locale\" content=\"fr_FR\" \/>\n<meta property=\"og:type\" content=\"article\" \/>\n<meta property=\"og:title\" content=\"AfterFire \u00a92016 - Herve Valez photographie\" \/>\n<meta property=\"og:url\" content=\"https:\/\/hervevalez.fr\/?product=afterfire\" \/>\n<meta property=\"og:site_name\" content=\"Herve Valez photographie\" \/>\n<meta property=\"article:modified_time\" content=\"2017-10-25T20:21:00+00:00\" \/>\n<meta property=\"og:image\" content=\"https:\/\/hervevalez.fr\/wp-content\/uploads\/2017\/10\/AfterFire.jpg\" \/>\n\t<meta property=\"og:image:width\" content=\"597\" \/>\n\t<meta property=\"og:image:height\" content=\"900\" \/>\n\t<meta property=\"og:image:type\" content=\"image\/jpeg\" \/>\n<script type=\"application\/ld+json\" class=\"yoast-schema-graph\">{\"@context\":\"https:\/\/schema.org\",\"@graph\":[{\"@type\":\"WebPage\",\"@id\":\"https:\/\/hervevalez.fr\/?product=afterfire\",\"url\":\"https:\/\/hervevalez.fr\/?product=afterfire\",\"name\":\"AfterFire \u00a92016 - Herve Valez photographie\",\"isPartOf\":{\"@id\":\"https:\/\/hervevalez.fr\/#website\"},\"primaryImageOfPage\":{\"@id\":\"https:\/\/hervevalez.fr\/?product=afterfire#primaryimage\"},\"image\":{\"@id\":\"https:\/\/hervevalez.fr\/?product=afterfire#primaryimage\"},\"thumbnailUrl\":\"https:\/\/i0.wp.com\/hervevalez.fr\/wp-content\/uploads\/2017\/10\/AfterFire.jpg?fit=597%2C900&ssl=1\",\"datePublished\":\"2017-10-18T21:02:34+00:00\",\"dateModified\":\"2017-10-25T20:21:00+00:00\",\"breadcrumb\":{\"@id\":\"https:\/\/hervevalez.fr\/?product=afterfire#breadcrumb\"},\"inLanguage\":\"fr-FR\",\"potentialAction\":[{\"@type\":\"ReadAction\",\"target\":[\"https:\/\/hervevalez.fr\/?product=afterfire\"]}]},{\"@type\":\"ImageObject\",\"inLanguage\":\"fr-FR\",\"@id\":\"https:\/\/hervevalez.fr\/?product=afterfire#primaryimage\",\"url\":\"https:\/\/i0.wp.com\/hervevalez.fr\/wp-content\/uploads\/2017\/10\/AfterFire.jpg?fit=597%2C900&ssl=1\",\"contentUrl\":\"https:\/\/i0.wp.com\/hervevalez.fr\/wp-content\/uploads\/2017\/10\/AfterFire.jpg?fit=597%2C900&ssl=1\",\"width\":597,\"height\":900},{\"@type\":\"BreadcrumbList\",\"@id\":\"https:\/\/hervevalez.fr\/?product=afterfire#breadcrumb\",\"itemListElement\":[{\"@type\":\"ListItem\",\"position\":1,\"name\":\"Accueil\",\"item\":\"https:\/\/hervevalez.fr\/\"},{\"@type\":\"ListItem\",\"position\":2,\"name\":\"Galerie\",\"item\":\"https:\/\/hervevalez.fr\/?page_id=194\"},{\"@type\":\"ListItem\",\"position\":3,\"name\":\"AfterFire \u00a92016\"}]},{\"@type\":\"WebSite\",\"@id\":\"https:\/\/hervevalez.fr\/#website\",\"url\":\"https:\/\/hervevalez.fr\/\",\"name\":\"Herve Valez photographie\",\"description\":\"Galerie des photos d&#039;art du photographe Herv\u00e9 Valez\",\"potentialAction\":[{\"@type\":\"SearchAction\",\"target\":{\"@type\":\"EntryPoint\",\"urlTemplate\":\"https:\/\/hervevalez.fr\/?s={search_term_string}\"},\"query-input\":{\"@type\":\"PropertyValueSpecification\",\"valueRequired\":true,\"valueName\":\"search_term_string\"}}],\"inLanguage\":\"fr-FR\"}]}<\/script>\n<!-- \/ Yoast SEO plugin. -->","yoast_head_json":{"title":"AfterFire \u00a92016 - Herve Valez photographie","robots":{"index":"index","follow":"follow","max-snippet":"max-snippet:-1","max-image-preview":"max-image-preview:large","max-video-preview":"max-video-preview:-1"},"canonical":"https:\/\/hervevalez.fr\/?product=afterfire","og_locale":"fr_FR","og_type":"article","og_title":"AfterFire \u00a92016 - Herve Valez photographie","og_url":"https:\/\/hervevalez.fr\/?product=afterfire","og_site_name":"Herve Valez photographie","article_modified_time":"2017-10-25T20:21:00+00:00","og_image":[{"width":597,"height":900,"url":"https:\/\/hervevalez.fr\/wp-content\/uploads\/2017\/10\/AfterFire.jpg","type":"image\/jpeg"}],"schema":{"@context":"https:\/\/schema.org","@graph":[{"@type":"WebPage","@id":"https:\/\/hervevalez.fr\/?product=afterfire","url":"https:\/\/hervevalez.fr\/?product=afterfire","name":"AfterFire \u00a92016 - Herve Valez photographie","isPartOf":{"@id":"https:\/\/hervevalez.fr\/#website"},"primaryImageOfPage":{"@id":"https:\/\/hervevalez.fr\/?product=afterfire#primaryimage"},"image":{"@id":"https:\/\/hervevalez.fr\/?product=afterfire#primaryimage"},"thumbnailUrl":"https:\/\/i0.wp.com\/hervevalez.fr\/wp-content\/uploads\/2017\/10\/AfterFire.jpg?fit=597%2C900&ssl=1","datePublished":"2017-10-18T21:02:34+00:00","dateModified":"2017-10-25T20:21:00+00:00","breadcrumb":{"@id":"https:\/\/hervevalez.fr\/?product=afterfire#breadcrumb"},"inLanguage":"fr-FR","potentialAction":[{"@type":"ReadAction","target":["https:\/\/hervevalez.fr\/?product=afterfire"]}]},{"@type":"ImageObject","inLanguage":"fr-FR","@id":"https:\/\/hervevalez.fr\/?product=afterfire#primaryimage","url":"https:\/\/i0.wp.com\/hervevalez.fr\/wp-content\/uploads\/2017\/10\/AfterFire.jpg?fit=597%2C900&ssl=1","contentUrl":"https:\/\/i0.wp.com\/hervevalez.fr\/wp-content\/uploads\/2017\/10\/AfterFire.jpg?fit=597%2C900&ssl=1","width":597,"height":900},{"@type":"BreadcrumbList","@id":"https:\/\/hervevalez.fr\/?product=afterfire#breadcrumb","itemListElement":[{"@type":"ListItem","position":1,"name":"Accueil","item":"https:\/\/hervevalez.fr\/"},{"@type":"ListItem","position":2,"name":"Galerie","item":"https:\/\/hervevalez.fr\/?page_id=194"},{"@type":"ListItem","position":3,"name":"AfterFire \u00a92016"}]},{"@type":"WebSite","@id":"https:\/\/hervevalez.fr\/#website","url":"https:\/\/hervevalez.fr\/","name":"Herve Valez photographie","description":"Galerie des photos d&#039;art du photographe Herv\u00e9 Valez","potentialAction":[{"@type":"SearchAction","target":{"@type":"EntryPoint","urlTemplate":"https:\/\/hervevalez.fr\/?s={search_term_string}"},"query-input":{"@type":"PropertyValueSpecification","valueRequired":true,"valueName":"search_term_string"}}],"inLanguage":"fr-FR"}]}},"jetpack_sharing_enabled":true,"jetpack_likes_enabled":true,"jetpack-related-posts":[],"_links":{"self":[{"href":"https:\/\/hervevalez.fr\/index.php?rest_route=\/wp\/v2\/product\/373","targetHints":{"allow":["GET"]}}],"collection":[{"href":"https:\/\/hervevalez.fr\/index.php?rest_route=\/wp\/v2\/product"}],"about":[{"href":"https:\/\/hervevalez.fr\/index.php?rest_route=\/wp\/v2\/types\/product"}],"wp:featuredmedia":[{"embeddable":true,"href":"https:\/\/hervevalez.fr\/index.php?rest_route=\/wp\/v2\/media\/510"}],"wp:attachment":[{"href":"https:\/\/hervevalez.fr\/index.php?rest_route=%2Fwp%2Fv2%2Fmedia&parent=373"}],"wp:term":[{"taxonomy":"product_brand","embeddable":true,"href":"https:\/\/hervevalez.fr\/index.php?rest_route=%2Fwp%2Fv2%2Fproduct_brand&post=373"},{"taxonomy":"product_cat","embeddable":true,"href":"https:\/\/hervevalez.fr\/index.php?rest_route=%2Fwp%2Fv2%2Fproduct_cat&post=373"},{"taxonomy":"product_tag","embeddable":true,"href":"https:\/\/hervevalez.fr\/index.php?rest_route=%2Fwp%2Fv2%2Fproduct_tag&post=373"}],"curies":[{"name":"wp","href":"https:\/\/api.w.org\/{rel}","templated":true}]}}