{"id":367,"date":"2017-10-14T22:22:56","date_gmt":"2017-10-14T20:22:56","guid":{"rendered":"http:\/\/hervevalez.fr\/?post_type=product&#038;p=367"},"modified":"2021-06-04T08:43:14","modified_gmt":"2021-06-04T06:43:14","slug":"signaux","status":"publish","type":"product","link":"https:\/\/hervevalez.fr\/?product=signaux","title":{"rendered":"Signaux  \u00a92016"},"content":{"rendered":"<p>\u00ab\u00a0Signaux\u00a0\u00bb est une \u0153uvre r\u00e9alis\u00e9e en 2016.<br \/>\nCette \u0153uvre est sign\u00e9e et num\u00e9rot\u00e9e. Livr\u00e9e avec son certificat d&#039;authenticit\u00e9.<br \/>\n10 exemplaires tout formats confondus seront r\u00e9alis\u00e9s.<br \/>\nFormats et livraison au choix. Voir <a href=\"http:\/\/hervevalez.fr\/conditions\/\">conditions<\/a><\/p>\n","protected":false},"excerpt":{"rendered":"<p><a href=\"http:\/\/hervevalez.fr\/wp-content\/uploads\/2017\/10\/Signaux-2016-vignette100x100-150x150.jpg\"><img loading=\"lazy\" decoding=\"async\" src=\"http:\/\/hervevalez.fr\/wp-content\/uploads\/2017\/10\/Signaux-2016-vignette100x100-150x150-299x300.jpg\" alt=\"\" width=\"299\" height=\"300\" class=\"alignnone size-medium wp-image-368\" srcset=\"https:\/\/i0.wp.com\/hervevalez.fr\/wp-content\/uploads\/2017\/10\/Signaux-2016-vignette100x100-150x150.jpg?w=299&amp;ssl=1 299w, https:\/\/i0.wp.com\/hervevalez.fr\/wp-content\/uploads\/2017\/10\/Signaux-2016-vignette100x100-150x150.jpg?resize=150%2C150&amp;ssl=1 150w, https:\/\/i0.wp.com\/hervevalez.fr\/wp-content\/uploads\/2017\/10\/Signaux-2016-vignette100x100-150x150.jpg?resize=180%2C180&amp;ssl=1 180w\" sizes=\"auto, (max-width: 299px) 100vw, 299px\" \/><\/a><\/p>\n","protected":false},"featured_media":512,"template":"","meta":{"jetpack_post_was_ever_published":false},"product_brand":[],"product_cat":[62,18],"product_tag":[],"class_list":{"0":"post-367","1":"product","2":"type-product","3":"status-publish","4":"has-post-thumbnail","6":"product_cat-electron-libre","7":"product_cat-deformatee","8":"pa_choix-120x120expedie","9":"pa_choix-120x120reserve","10":"pa_choix-150x150expedie","11":"pa_choix-150x150reserve","13":"first","14":"instock","15":"shipping-taxable","16":"purchasable","17":"product-type-variable"},"yoast_head":"<!-- This site is optimized with the Yoast SEO plugin v25.5 - https:\/\/yoast.com\/wordpress\/plugins\/seo\/ -->\n<title>Signaux \u00a92016 - Herve Valez photographie<\/title>\n<meta name=\"robots\" content=\"index, follow, max-snippet:-1, max-image-preview:large, max-video-preview:-1\" \/>\n<link rel=\"canonical\" href=\"https:\/\/hervevalez.fr\/?product=signaux\" \/>\n<meta property=\"og:locale\" content=\"fr_FR\" \/>\n<meta property=\"og:type\" content=\"article\" \/>\n<meta property=\"og:title\" content=\"Signaux \u00a92016 - Herve Valez photographie\" \/>\n<meta property=\"og:url\" content=\"https:\/\/hervevalez.fr\/?product=signaux\" \/>\n<meta property=\"og:site_name\" content=\"Herve Valez photographie\" \/>\n<meta property=\"article:modified_time\" content=\"2021-06-04T06:43:14+00:00\" \/>\n<meta property=\"og:image\" content=\"https:\/\/hervevalez.fr\/wp-content\/uploads\/2017\/10\/Signaux.jpg\" \/>\n\t<meta property=\"og:image:width\" content=\"898\" \/>\n\t<meta property=\"og:image:height\" content=\"900\" \/>\n\t<meta property=\"og:image:type\" content=\"image\/jpeg\" \/>\n<script type=\"application\/ld+json\" class=\"yoast-schema-graph\">{\"@context\":\"https:\/\/schema.org\",\"@graph\":[{\"@type\":\"WebPage\",\"@id\":\"https:\/\/hervevalez.fr\/?product=signaux\",\"url\":\"https:\/\/hervevalez.fr\/?product=signaux\",\"name\":\"Signaux \u00a92016 - Herve Valez photographie\",\"isPartOf\":{\"@id\":\"https:\/\/hervevalez.fr\/#website\"},\"primaryImageOfPage\":{\"@id\":\"https:\/\/hervevalez.fr\/?product=signaux#primaryimage\"},\"image\":{\"@id\":\"https:\/\/hervevalez.fr\/?product=signaux#primaryimage\"},\"thumbnailUrl\":\"https:\/\/i0.wp.com\/hervevalez.fr\/wp-content\/uploads\/2017\/10\/Signaux.jpg?fit=898%2C900&ssl=1\",\"datePublished\":\"2017-10-14T20:22:56+00:00\",\"dateModified\":\"2021-06-04T06:43:14+00:00\",\"breadcrumb\":{\"@id\":\"https:\/\/hervevalez.fr\/?product=signaux#breadcrumb\"},\"inLanguage\":\"fr-FR\",\"potentialAction\":[{\"@type\":\"ReadAction\",\"target\":[\"https:\/\/hervevalez.fr\/?product=signaux\"]}]},{\"@type\":\"ImageObject\",\"inLanguage\":\"fr-FR\",\"@id\":\"https:\/\/hervevalez.fr\/?product=signaux#primaryimage\",\"url\":\"https:\/\/i0.wp.com\/hervevalez.fr\/wp-content\/uploads\/2017\/10\/Signaux.jpg?fit=898%2C900&ssl=1\",\"contentUrl\":\"https:\/\/i0.wp.com\/hervevalez.fr\/wp-content\/uploads\/2017\/10\/Signaux.jpg?fit=898%2C900&ssl=1\",\"width\":898,\"height\":900},{\"@type\":\"BreadcrumbList\",\"@id\":\"https:\/\/hervevalez.fr\/?product=signaux#breadcrumb\",\"itemListElement\":[{\"@type\":\"ListItem\",\"position\":1,\"name\":\"Accueil\",\"item\":\"https:\/\/hervevalez.fr\/\"},{\"@type\":\"ListItem\",\"position\":2,\"name\":\"Galerie\",\"item\":\"https:\/\/hervevalez.fr\/?page_id=194\"},{\"@type\":\"ListItem\",\"position\":3,\"name\":\"Signaux \u00a92016\"}]},{\"@type\":\"WebSite\",\"@id\":\"https:\/\/hervevalez.fr\/#website\",\"url\":\"https:\/\/hervevalez.fr\/\",\"name\":\"Herve Valez photographie\",\"description\":\"Galerie des photos d&#039;art du photographe Herv\u00e9 Valez\",\"potentialAction\":[{\"@type\":\"SearchAction\",\"target\":{\"@type\":\"EntryPoint\",\"urlTemplate\":\"https:\/\/hervevalez.fr\/?s={search_term_string}\"},\"query-input\":{\"@type\":\"PropertyValueSpecification\",\"valueRequired\":true,\"valueName\":\"search_term_string\"}}],\"inLanguage\":\"fr-FR\"}]}<\/script>\n<!-- \/ Yoast SEO plugin. -->","yoast_head_json":{"title":"Signaux \u00a92016 - Herve Valez photographie","robots":{"index":"index","follow":"follow","max-snippet":"max-snippet:-1","max-image-preview":"max-image-preview:large","max-video-preview":"max-video-preview:-1"},"canonical":"https:\/\/hervevalez.fr\/?product=signaux","og_locale":"fr_FR","og_type":"article","og_title":"Signaux \u00a92016 - Herve Valez photographie","og_url":"https:\/\/hervevalez.fr\/?product=signaux","og_site_name":"Herve Valez photographie","article_modified_time":"2021-06-04T06:43:14+00:00","og_image":[{"width":898,"height":900,"url":"https:\/\/hervevalez.fr\/wp-content\/uploads\/2017\/10\/Signaux.jpg","type":"image\/jpeg"}],"schema":{"@context":"https:\/\/schema.org","@graph":[{"@type":"WebPage","@id":"https:\/\/hervevalez.fr\/?product=signaux","url":"https:\/\/hervevalez.fr\/?product=signaux","name":"Signaux \u00a92016 - Herve Valez photographie","isPartOf":{"@id":"https:\/\/hervevalez.fr\/#website"},"primaryImageOfPage":{"@id":"https:\/\/hervevalez.fr\/?product=signaux#primaryimage"},"image":{"@id":"https:\/\/hervevalez.fr\/?product=signaux#primaryimage"},"thumbnailUrl":"https:\/\/i0.wp.com\/hervevalez.fr\/wp-content\/uploads\/2017\/10\/Signaux.jpg?fit=898%2C900&ssl=1","datePublished":"2017-10-14T20:22:56+00:00","dateModified":"2021-06-04T06:43:14+00:00","breadcrumb":{"@id":"https:\/\/hervevalez.fr\/?product=signaux#breadcrumb"},"inLanguage":"fr-FR","potentialAction":[{"@type":"ReadAction","target":["https:\/\/hervevalez.fr\/?product=signaux"]}]},{"@type":"ImageObject","inLanguage":"fr-FR","@id":"https:\/\/hervevalez.fr\/?product=signaux#primaryimage","url":"https:\/\/i0.wp.com\/hervevalez.fr\/wp-content\/uploads\/2017\/10\/Signaux.jpg?fit=898%2C900&ssl=1","contentUrl":"https:\/\/i0.wp.com\/hervevalez.fr\/wp-content\/uploads\/2017\/10\/Signaux.jpg?fit=898%2C900&ssl=1","width":898,"height":900},{"@type":"BreadcrumbList","@id":"https:\/\/hervevalez.fr\/?product=signaux#breadcrumb","itemListElement":[{"@type":"ListItem","position":1,"name":"Accueil","item":"https:\/\/hervevalez.fr\/"},{"@type":"ListItem","position":2,"name":"Galerie","item":"https:\/\/hervevalez.fr\/?page_id=194"},{"@type":"ListItem","position":3,"name":"Signaux \u00a92016"}]},{"@type":"WebSite","@id":"https:\/\/hervevalez.fr\/#website","url":"https:\/\/hervevalez.fr\/","name":"Herve Valez photographie","description":"Galerie des photos d&#039;art du photographe Herv\u00e9 Valez","potentialAction":[{"@type":"SearchAction","target":{"@type":"EntryPoint","urlTemplate":"https:\/\/hervevalez.fr\/?s={search_term_string}"},"query-input":{"@type":"PropertyValueSpecification","valueRequired":true,"valueName":"search_term_string"}}],"inLanguage":"fr-FR"}]}},"jetpack_sharing_enabled":true,"jetpack_likes_enabled":true,"jetpack-related-posts":[],"_links":{"self":[{"href":"https:\/\/hervevalez.fr\/index.php?rest_route=\/wp\/v2\/product\/367","targetHints":{"allow":["GET"]}}],"collection":[{"href":"https:\/\/hervevalez.fr\/index.php?rest_route=\/wp\/v2\/product"}],"about":[{"href":"https:\/\/hervevalez.fr\/index.php?rest_route=\/wp\/v2\/types\/product"}],"wp:featuredmedia":[{"embeddable":true,"href":"https:\/\/hervevalez.fr\/index.php?rest_route=\/wp\/v2\/media\/512"}],"wp:attachment":[{"href":"https:\/\/hervevalez.fr\/index.php?rest_route=%2Fwp%2Fv2%2Fmedia&parent=367"}],"wp:term":[{"taxonomy":"product_brand","embeddable":true,"href":"https:\/\/hervevalez.fr\/index.php?rest_route=%2Fwp%2Fv2%2Fproduct_brand&post=367"},{"taxonomy":"product_cat","embeddable":true,"href":"https:\/\/hervevalez.fr\/index.php?rest_route=%2Fwp%2Fv2%2Fproduct_cat&post=367"},{"taxonomy":"product_tag","embeddable":true,"href":"https:\/\/hervevalez.fr\/index.php?rest_route=%2Fwp%2Fv2%2Fproduct_tag&post=367"}],"curies":[{"name":"wp","href":"https:\/\/api.w.org\/{rel}","templated":true}]}}