{"id":335,"date":"2017-10-14T19:29:20","date_gmt":"2017-10-14T17:29:20","guid":{"rendered":"http:\/\/hervevalez.fr\/?post_type=product&#038;p=335"},"modified":"2022-02-13T22:21:57","modified_gmt":"2022-02-13T20:21:57","slug":"matin-calme","status":"publish","type":"product","link":"https:\/\/hervevalez.fr\/?product=matin-calme","title":{"rendered":"Matin calme  \u00a91979"},"content":{"rendered":"<p>\u00ab\u00a0Matin calme\u00a0\u00bb est une photo de 1979 r\u00e9alis\u00e9e par Herv\u00e9 Valez sur diapositive 24&#215;36. Elle est disponible en plusieurs formats. Tirage papier Fine Art certifi\u00e9 et sign\u00e9 contrecoll\u00e9 sur alu-dibond. Pr\u00eat \u00e0 accrocher.<br \/>\nIl sera r\u00e9alis\u00e9 au total 5 exemplaires seulement de cette image. 1 100x150cm, 2 80x120cm, 2 60x90cm<br \/>\nLivr\u00e9e avec son certificat d&rsquo;authenticit\u00e9 num\u00e9rot\u00e9.<\/p>\n","protected":false},"excerpt":{"rendered":"<p><a href=\"http:\/\/hervevalez.fr\/wp-content\/uploads\/2017\/10\/Matin-calme-vignette40x60-100x150.jpg\"><img loading=\"lazy\" decoding=\"async\" class=\"alignnone size-medium wp-image-336\" src=\"http:\/\/hervevalez.fr\/wp-content\/uploads\/2017\/10\/Matin-calme-vignette40x60-100x150-196x300.jpg\" alt=\"\" width=\"196\" height=\"300\" srcset=\"https:\/\/i0.wp.com\/hervevalez.fr\/wp-content\/uploads\/2017\/10\/Matin-calme-vignette40x60-100x150.jpg?resize=196%2C300&amp;ssl=1 196w, https:\/\/i0.wp.com\/hervevalez.fr\/wp-content\/uploads\/2017\/10\/Matin-calme-vignette40x60-100x150.jpg?w=300&amp;ssl=1 300w\" sizes=\"auto, (max-width: 196px) 100vw, 196px\" \/><\/a>\u00ab\u00a0Matin Calme\u00a0\u00bb 2 formats disponibles<\/p>\n","protected":false},"featured_media":7851,"template":"","meta":{"jetpack_post_was_ever_published":false},"product_brand":[],"product_cat":[31,30,16],"product_tag":[],"class_list":{"0":"post-335","1":"product","2":"type-product","3":"status-publish","4":"has-post-thumbnail","6":"product_cat-maritima","7":"product_cat-les-minimales","8":"product_cat-naturelles","9":"product_shipping_class-expedition","10":"pa_choix-100x150expedie","11":"pa_choix-120x180expedie","12":"pa_choix-80x120expedie","14":"first","15":"instock","16":"sold-individually","17":"shipping-taxable","18":"purchasable","19":"product-type-variable"},"yoast_head":"<!-- This site is optimized with the Yoast SEO plugin v25.5 - https:\/\/yoast.com\/wordpress\/plugins\/seo\/ -->\n<title>Matin calme \u00a91979 - Herve Valez photographie<\/title>\n<meta name=\"description\" content=\"Matin calme, photo sur alu-dibond par Herv\u00e9 Valez\" \/>\n<meta name=\"robots\" content=\"index, follow, max-snippet:-1, max-image-preview:large, max-video-preview:-1\" \/>\n<link rel=\"canonical\" href=\"https:\/\/hervevalez.fr\/?product=matin-calme\" \/>\n<meta property=\"og:locale\" content=\"fr_FR\" \/>\n<meta property=\"og:type\" content=\"article\" \/>\n<meta property=\"og:title\" content=\"Matin calme \u00a91979 - Herve Valez photographie\" \/>\n<meta property=\"og:description\" content=\"Matin calme, photo sur alu-dibond par Herv\u00e9 Valez\" \/>\n<meta property=\"og:url\" content=\"https:\/\/hervevalez.fr\/?product=matin-calme\" \/>\n<meta property=\"og:site_name\" content=\"Herve Valez photographie\" \/>\n<meta property=\"article:modified_time\" content=\"2022-02-13T20:21:57+00:00\" \/>\n<meta property=\"og:image\" content=\"https:\/\/hervevalez.fr\/wp-content\/uploads\/2021\/06\/Matin-calme-scaled.jpg\" \/>\n\t<meta property=\"og:image:width\" content=\"1674\" \/>\n\t<meta property=\"og:image:height\" content=\"2560\" \/>\n\t<meta property=\"og:image:type\" content=\"image\/jpeg\" \/>\n<script type=\"application\/ld+json\" class=\"yoast-schema-graph\">{\"@context\":\"https:\/\/schema.org\",\"@graph\":[{\"@type\":\"WebPage\",\"@id\":\"https:\/\/hervevalez.fr\/?product=matin-calme\",\"url\":\"https:\/\/hervevalez.fr\/?product=matin-calme\",\"name\":\"Matin calme \u00a91979 - Herve Valez photographie\",\"isPartOf\":{\"@id\":\"https:\/\/hervevalez.fr\/#website\"},\"primaryImageOfPage\":{\"@id\":\"https:\/\/hervevalez.fr\/?product=matin-calme#primaryimage\"},\"image\":{\"@id\":\"https:\/\/hervevalez.fr\/?product=matin-calme#primaryimage\"},\"thumbnailUrl\":\"https:\/\/i0.wp.com\/hervevalez.fr\/wp-content\/uploads\/2021\/06\/Matin-calme-scaled.jpg?fit=1674%2C2560&ssl=1\",\"datePublished\":\"2017-10-14T17:29:20+00:00\",\"dateModified\":\"2022-02-13T20:21:57+00:00\",\"description\":\"Matin calme, photo sur alu-dibond par Herv\u00e9 Valez\",\"breadcrumb\":{\"@id\":\"https:\/\/hervevalez.fr\/?product=matin-calme#breadcrumb\"},\"inLanguage\":\"fr-FR\",\"potentialAction\":[{\"@type\":\"ReadAction\",\"target\":[\"https:\/\/hervevalez.fr\/?product=matin-calme\"]}]},{\"@type\":\"ImageObject\",\"inLanguage\":\"fr-FR\",\"@id\":\"https:\/\/hervevalez.fr\/?product=matin-calme#primaryimage\",\"url\":\"https:\/\/i0.wp.com\/hervevalez.fr\/wp-content\/uploads\/2021\/06\/Matin-calme-scaled.jpg?fit=1674%2C2560&ssl=1\",\"contentUrl\":\"https:\/\/i0.wp.com\/hervevalez.fr\/wp-content\/uploads\/2021\/06\/Matin-calme-scaled.jpg?fit=1674%2C2560&ssl=1\",\"width\":1674,\"height\":2560},{\"@type\":\"BreadcrumbList\",\"@id\":\"https:\/\/hervevalez.fr\/?product=matin-calme#breadcrumb\",\"itemListElement\":[{\"@type\":\"ListItem\",\"position\":1,\"name\":\"Accueil\",\"item\":\"https:\/\/hervevalez.fr\/\"},{\"@type\":\"ListItem\",\"position\":2,\"name\":\"Galerie\",\"item\":\"https:\/\/hervevalez.fr\/?page_id=194\"},{\"@type\":\"ListItem\",\"position\":3,\"name\":\"Matin calme \u00a91979\"}]},{\"@type\":\"WebSite\",\"@id\":\"https:\/\/hervevalez.fr\/#website\",\"url\":\"https:\/\/hervevalez.fr\/\",\"name\":\"Herve Valez photographie\",\"description\":\"Galerie des photos d&#039;art du photographe Herv\u00e9 Valez\",\"potentialAction\":[{\"@type\":\"SearchAction\",\"target\":{\"@type\":\"EntryPoint\",\"urlTemplate\":\"https:\/\/hervevalez.fr\/?s={search_term_string}\"},\"query-input\":{\"@type\":\"PropertyValueSpecification\",\"valueRequired\":true,\"valueName\":\"search_term_string\"}}],\"inLanguage\":\"fr-FR\"}]}<\/script>\n<!-- \/ Yoast SEO plugin. -->","yoast_head_json":{"title":"Matin calme \u00a91979 - Herve Valez photographie","description":"Matin calme, photo sur alu-dibond par Herv\u00e9 Valez","robots":{"index":"index","follow":"follow","max-snippet":"max-snippet:-1","max-image-preview":"max-image-preview:large","max-video-preview":"max-video-preview:-1"},"canonical":"https:\/\/hervevalez.fr\/?product=matin-calme","og_locale":"fr_FR","og_type":"article","og_title":"Matin calme \u00a91979 - Herve Valez photographie","og_description":"Matin calme, photo sur alu-dibond par Herv\u00e9 Valez","og_url":"https:\/\/hervevalez.fr\/?product=matin-calme","og_site_name":"Herve Valez photographie","article_modified_time":"2022-02-13T20:21:57+00:00","og_image":[{"width":1674,"height":2560,"url":"https:\/\/hervevalez.fr\/wp-content\/uploads\/2021\/06\/Matin-calme-scaled.jpg","type":"image\/jpeg"}],"schema":{"@context":"https:\/\/schema.org","@graph":[{"@type":"WebPage","@id":"https:\/\/hervevalez.fr\/?product=matin-calme","url":"https:\/\/hervevalez.fr\/?product=matin-calme","name":"Matin calme \u00a91979 - Herve Valez photographie","isPartOf":{"@id":"https:\/\/hervevalez.fr\/#website"},"primaryImageOfPage":{"@id":"https:\/\/hervevalez.fr\/?product=matin-calme#primaryimage"},"image":{"@id":"https:\/\/hervevalez.fr\/?product=matin-calme#primaryimage"},"thumbnailUrl":"https:\/\/i0.wp.com\/hervevalez.fr\/wp-content\/uploads\/2021\/06\/Matin-calme-scaled.jpg?fit=1674%2C2560&ssl=1","datePublished":"2017-10-14T17:29:20+00:00","dateModified":"2022-02-13T20:21:57+00:00","description":"Matin calme, photo sur alu-dibond par Herv\u00e9 Valez","breadcrumb":{"@id":"https:\/\/hervevalez.fr\/?product=matin-calme#breadcrumb"},"inLanguage":"fr-FR","potentialAction":[{"@type":"ReadAction","target":["https:\/\/hervevalez.fr\/?product=matin-calme"]}]},{"@type":"ImageObject","inLanguage":"fr-FR","@id":"https:\/\/hervevalez.fr\/?product=matin-calme#primaryimage","url":"https:\/\/i0.wp.com\/hervevalez.fr\/wp-content\/uploads\/2021\/06\/Matin-calme-scaled.jpg?fit=1674%2C2560&ssl=1","contentUrl":"https:\/\/i0.wp.com\/hervevalez.fr\/wp-content\/uploads\/2021\/06\/Matin-calme-scaled.jpg?fit=1674%2C2560&ssl=1","width":1674,"height":2560},{"@type":"BreadcrumbList","@id":"https:\/\/hervevalez.fr\/?product=matin-calme#breadcrumb","itemListElement":[{"@type":"ListItem","position":1,"name":"Accueil","item":"https:\/\/hervevalez.fr\/"},{"@type":"ListItem","position":2,"name":"Galerie","item":"https:\/\/hervevalez.fr\/?page_id=194"},{"@type":"ListItem","position":3,"name":"Matin calme \u00a91979"}]},{"@type":"WebSite","@id":"https:\/\/hervevalez.fr\/#website","url":"https:\/\/hervevalez.fr\/","name":"Herve Valez photographie","description":"Galerie des photos d&#039;art du photographe Herv\u00e9 Valez","potentialAction":[{"@type":"SearchAction","target":{"@type":"EntryPoint","urlTemplate":"https:\/\/hervevalez.fr\/?s={search_term_string}"},"query-input":{"@type":"PropertyValueSpecification","valueRequired":true,"valueName":"search_term_string"}}],"inLanguage":"fr-FR"}]}},"jetpack_sharing_enabled":true,"jetpack_likes_enabled":true,"jetpack-related-posts":[],"_links":{"self":[{"href":"https:\/\/hervevalez.fr\/index.php?rest_route=\/wp\/v2\/product\/335","targetHints":{"allow":["GET"]}}],"collection":[{"href":"https:\/\/hervevalez.fr\/index.php?rest_route=\/wp\/v2\/product"}],"about":[{"href":"https:\/\/hervevalez.fr\/index.php?rest_route=\/wp\/v2\/types\/product"}],"wp:featuredmedia":[{"embeddable":true,"href":"https:\/\/hervevalez.fr\/index.php?rest_route=\/wp\/v2\/media\/7851"}],"wp:attachment":[{"href":"https:\/\/hervevalez.fr\/index.php?rest_route=%2Fwp%2Fv2%2Fmedia&parent=335"}],"wp:term":[{"taxonomy":"product_brand","embeddable":true,"href":"https:\/\/hervevalez.fr\/index.php?rest_route=%2Fwp%2Fv2%2Fproduct_brand&post=335"},{"taxonomy":"product_cat","embeddable":true,"href":"https:\/\/hervevalez.fr\/index.php?rest_route=%2Fwp%2Fv2%2Fproduct_cat&post=335"},{"taxonomy":"product_tag","embeddable":true,"href":"https:\/\/hervevalez.fr\/index.php?rest_route=%2Fwp%2Fv2%2Fproduct_tag&post=335"}],"curies":[{"name":"wp","href":"https:\/\/api.w.org\/{rel}","templated":true}]}}