{"id":54,"date":"2017-09-27T22:32:14","date_gmt":"2017-09-27T20:32:14","guid":{"rendered":"http:\/\/hervevalez.fr\/?page_id=54"},"modified":"2020-03-30T16:09:58","modified_gmt":"2020-03-30T14:09:58","slug":"herve-valez-photographe-dart","status":"publish","type":"page","link":"https:\/\/hervevalez.fr\/","title":{"rendered":"Herv\u00e9 Valez photographe d&rsquo;art"},"content":{"rendered":"<p>Bienvenu dans la galerie du photographe <em><strong>Herv\u00e9 Valez<\/strong><\/em>. De nouvelles collections d&rsquo;images d&rsquo;art sont ajout\u00e9es r\u00e9guli\u00e8rement et vous pouvez les consulter dans l&rsquo;onglet <a href=\"http:\/\/hervevalez.fr\/galerie\/\">GALERIE<\/a>. Chaque \u0153uvre donne lieu \u00e0 un tirage limit\u00e9 et vous avez la possibilit\u00e9 d&rsquo;en acqu\u00e9rir certaines sous <a href=\"http:\/\/hervevalez.fr\/conditions\/\">conditions<\/a>. Les \u0153uvres peuvent \u00eatre command\u00e9es puis retir\u00e9es au studio de photographie de l&rsquo;auteur \u00e0 <a href=\"https:\/\/www.google.fr\/search?source=hp&amp;q=anduze&amp;oq=anduze&amp;gs_l=psy-ab.1.2.35i39k1l2j0l8.1404.2939.0.5630.7.6.0.0.0.0.87.501.6.6.0....0...1.1.64.psy-ab..1.6.499.0..0i131k1.0.jB-EkQgISMM\">Anduze<\/a> dans le Gard (France) ou exp\u00e9di\u00e9es. Je vous souhaite une bonne visite.<\/p>\n<div id=\"kgvid_kgvid_0_wrapper\" class=\"kgvid_wrapper kgvid_wrapper_auto_left kgvid_wrapper_auto_right\">\n\t\t\t<div id=\"video_kgvid_0_div\" class=\"fitvidsignore kgvid_videodiv\" data-id=\"kgvid_0\" data-kgvid_video_vars=\"{&quot;id&quot;:&quot;kgvid_0&quot;,&quot;attachment_id&quot;:105,&quot;player_type&quot;:&quot;Video.js v8&quot;,&quot;width&quot;:&quot;640&quot;,&quot;height&quot;:&quot;480&quot;,&quot;fullwidth&quot;:&quot;true&quot;,&quot;fixed_aspect&quot;:&quot;vertical&quot;,&quot;countable&quot;:true,&quot;count_views&quot;:&quot;start&quot;,&quot;start&quot;:&quot;&quot;,&quot;autoplay&quot;:&quot;true&quot;,&quot;pauseothervideos&quot;:&quot;true&quot;,&quot;set_volume&quot;:&quot;1&quot;,&quot;muted&quot;:&quot;false&quot;,&quot;meta&quot;:false,&quot;endofvideooverlay&quot;:&quot;&quot;,&quot;resize&quot;:&quot;true&quot;,&quot;auto_res&quot;:&quot;automatique&quot;,&quot;pixel_ratio&quot;:&quot;true&quot;,&quot;right_click&quot;:false,&quot;playback_rate&quot;:&quot;false&quot;,&quot;title&quot;:&quot;Galerie apercu&quot;,&quot;skip_buttons&quot;:[],&quot;nativecontrolsfortouch&quot;:&quot;false&quot;,&quot;locale&quot;:&quot;fr&quot;,&quot;enable_resolutions_plugin&quot;:false}\" itemprop=\"video\" itemscope itemtype=\"https:\/\/schema.org\/VideoObject\"><meta itemprop=\"embedUrl\" content=\"https:\/\/hervevalez.fr\/wp-content\/uploads\/2017\/10\/les-series-apercu.m4v\"><meta itemprop=\"contentUrl\" content=\"https:\/\/hervevalez.fr\/wp-content\/uploads\/2017\/10\/les-series-apercu.m4v\"><meta itemprop=\"name\" content=\"Galerie apercu\"><meta itemprop=\"description\" content=\"Un aper\u00e7u de ce que vous d\u00e9couvrirez dans la galerie du photographe Herv\u00e9 Valez\"><meta itemprop=\"uploadDate\" content=\"2017-10-04T16:08:36+02:00\">\n\t\t\t\t<video id=\"video_kgvid_0\" playsinline autoplay controls preload=\"metadata\" width=\"640\" height=\"480\" class=\"fitvidsignore video-js kg-video-js-skin\">\n\t\t\t\t\t<source src=\"https:\/\/hervevalez.fr\/wp-content\/uploads\/2017\/10\/les-series-apercu.m4v?id=0\" type=\"video\/mp4\" data-res=\"576p\">\n\t\t\t\t<\/video>\n\t\t\t<\/div>\n\t\t<\/div>\n","protected":false},"excerpt":{"rendered":"<p>Bienvenu dans la galerie du photographe Herv\u00e9 Valez. De nouvelles collections d&rsquo;images d&rsquo;art sont ajout\u00e9es r\u00e9guli\u00e8rement et vous pouvez les consulter dans l&rsquo;onglet GALERIE. Chaque \u0153uvre donne lieu \u00e0 un tirage limit\u00e9 et vous avez la possibilit\u00e9 d&rsquo;en acqu\u00e9rir certaines sous conditions. Les \u0153uvres peuvent \u00eatre command\u00e9es puis retir\u00e9es au studio de photographie de l&rsquo;auteur [&hellip;]<\/p>\n","protected":false},"author":1,"featured_media":0,"parent":0,"menu_order":0,"comment_status":"closed","ping_status":"closed","template":"template-homepage.php","meta":{"jetpack_post_was_ever_published":false,"footnotes":""},"class_list":["post-54","page","type-page","status-publish","hentry"],"yoast_head":"<!-- This site is optimized with the Yoast SEO plugin v25.5 - https:\/\/yoast.com\/wordpress\/plugins\/seo\/ -->\n<title>Herv\u00e9 Valez photographe d&#039;art - Herve Valez photographie<\/title>\n<meta name=\"robots\" content=\"index, follow, max-snippet:-1, max-image-preview:large, max-video-preview:-1\" \/>\n<link rel=\"canonical\" href=\"https:\/\/hervevalez.fr\/\" \/>\n<meta property=\"og:locale\" content=\"fr_FR\" \/>\n<meta property=\"og:type\" content=\"article\" \/>\n<meta property=\"og:title\" content=\"Herv\u00e9 Valez photographe d&#039;art - Herve Valez photographie\" \/>\n<meta property=\"og:description\" content=\"Bienvenu dans la galerie du photographe Herv\u00e9 Valez. De nouvelles collections d&rsquo;images d&rsquo;art sont ajout\u00e9es r\u00e9guli\u00e8rement et vous pouvez les consulter dans l&rsquo;onglet GALERIE. Chaque \u0153uvre donne lieu \u00e0 un tirage limit\u00e9 et vous avez la possibilit\u00e9 d&rsquo;en acqu\u00e9rir certaines sous conditions. Les \u0153uvres peuvent \u00eatre command\u00e9es puis retir\u00e9es au studio de photographie de l&rsquo;auteur [&hellip;]\" \/>\n<meta property=\"og:url\" content=\"https:\/\/hervevalez.fr\/\" \/>\n<meta property=\"og:site_name\" content=\"Herve Valez photographie\" \/>\n<meta property=\"article:modified_time\" content=\"2020-03-30T14:09:58+00:00\" \/>\n<script type=\"application\/ld+json\" class=\"yoast-schema-graph\">{\"@context\":\"https:\/\/schema.org\",\"@graph\":[{\"@type\":\"WebPage\",\"@id\":\"https:\/\/hervevalez.fr\/\",\"url\":\"https:\/\/hervevalez.fr\/\",\"name\":\"Herv\u00e9 Valez photographe d'art - Herve Valez photographie\",\"isPartOf\":{\"@id\":\"https:\/\/hervevalez.fr\/#website\"},\"datePublished\":\"2017-09-27T20:32:14+00:00\",\"dateModified\":\"2020-03-30T14:09:58+00:00\",\"breadcrumb\":{\"@id\":\"https:\/\/hervevalez.fr\/#breadcrumb\"},\"inLanguage\":\"fr-FR\",\"potentialAction\":[{\"@type\":\"ReadAction\",\"target\":[\"https:\/\/hervevalez.fr\/\"]}]},{\"@type\":\"BreadcrumbList\",\"@id\":\"https:\/\/hervevalez.fr\/#breadcrumb\",\"itemListElement\":[{\"@type\":\"ListItem\",\"position\":1,\"name\":\"Accueil\",\"item\":\"https:\/\/hervevalez.fr\/\"},{\"@type\":\"ListItem\",\"position\":2,\"name\":\"Herv\u00e9 Valez photographe d&rsquo;art\"}]},{\"@type\":\"WebSite\",\"@id\":\"https:\/\/hervevalez.fr\/#website\",\"url\":\"https:\/\/hervevalez.fr\/\",\"name\":\"Herve Valez photographie\",\"description\":\"Galerie des photos d&#039;art du photographe Herv\u00e9 Valez\",\"potentialAction\":[{\"@type\":\"SearchAction\",\"target\":{\"@type\":\"EntryPoint\",\"urlTemplate\":\"https:\/\/hervevalez.fr\/?s={search_term_string}\"},\"query-input\":{\"@type\":\"PropertyValueSpecification\",\"valueRequired\":true,\"valueName\":\"search_term_string\"}}],\"inLanguage\":\"fr-FR\"}]}<\/script>\n<!-- \/ Yoast SEO plugin. -->","yoast_head_json":{"title":"Herv\u00e9 Valez photographe d'art - Herve Valez photographie","robots":{"index":"index","follow":"follow","max-snippet":"max-snippet:-1","max-image-preview":"max-image-preview:large","max-video-preview":"max-video-preview:-1"},"canonical":"https:\/\/hervevalez.fr\/","og_locale":"fr_FR","og_type":"article","og_title":"Herv\u00e9 Valez photographe d'art - Herve Valez photographie","og_description":"Bienvenu dans la galerie du photographe Herv\u00e9 Valez. De nouvelles collections d&rsquo;images d&rsquo;art sont ajout\u00e9es r\u00e9guli\u00e8rement et vous pouvez les consulter dans l&rsquo;onglet GALERIE. Chaque \u0153uvre donne lieu \u00e0 un tirage limit\u00e9 et vous avez la possibilit\u00e9 d&rsquo;en acqu\u00e9rir certaines sous conditions. Les \u0153uvres peuvent \u00eatre command\u00e9es puis retir\u00e9es au studio de photographie de l&rsquo;auteur [&hellip;]","og_url":"https:\/\/hervevalez.fr\/","og_site_name":"Herve Valez photographie","article_modified_time":"2020-03-30T14:09:58+00:00","schema":{"@context":"https:\/\/schema.org","@graph":[{"@type":"WebPage","@id":"https:\/\/hervevalez.fr\/","url":"https:\/\/hervevalez.fr\/","name":"Herv\u00e9 Valez photographe d'art - Herve Valez photographie","isPartOf":{"@id":"https:\/\/hervevalez.fr\/#website"},"datePublished":"2017-09-27T20:32:14+00:00","dateModified":"2020-03-30T14:09:58+00:00","breadcrumb":{"@id":"https:\/\/hervevalez.fr\/#breadcrumb"},"inLanguage":"fr-FR","potentialAction":[{"@type":"ReadAction","target":["https:\/\/hervevalez.fr\/"]}]},{"@type":"BreadcrumbList","@id":"https:\/\/hervevalez.fr\/#breadcrumb","itemListElement":[{"@type":"ListItem","position":1,"name":"Accueil","item":"https:\/\/hervevalez.fr\/"},{"@type":"ListItem","position":2,"name":"Herv\u00e9 Valez photographe d&rsquo;art"}]},{"@type":"WebSite","@id":"https:\/\/hervevalez.fr\/#website","url":"https:\/\/hervevalez.fr\/","name":"Herve Valez photographie","description":"Galerie des photos d&#039;art du photographe Herv\u00e9 Valez","potentialAction":[{"@type":"SearchAction","target":{"@type":"EntryPoint","urlTemplate":"https:\/\/hervevalez.fr\/?s={search_term_string}"},"query-input":{"@type":"PropertyValueSpecification","valueRequired":true,"valueName":"search_term_string"}}],"inLanguage":"fr-FR"}]}},"jetpack_sharing_enabled":true,"jetpack_shortlink":"https:\/\/wp.me\/P9laTO-S","jetpack_likes_enabled":true,"jetpack-related-posts":[],"_links":{"self":[{"href":"https:\/\/hervevalez.fr\/index.php?rest_route=\/wp\/v2\/pages\/54","targetHints":{"allow":["GET"]}}],"collection":[{"href":"https:\/\/hervevalez.fr\/index.php?rest_route=\/wp\/v2\/pages"}],"about":[{"href":"https:\/\/hervevalez.fr\/index.php?rest_route=\/wp\/v2\/types\/page"}],"author":[{"embeddable":true,"href":"https:\/\/hervevalez.fr\/index.php?rest_route=\/wp\/v2\/users\/1"}],"replies":[{"embeddable":true,"href":"https:\/\/hervevalez.fr\/index.php?rest_route=%2Fwp%2Fv2%2Fcomments&post=54"}],"version-history":[{"count":17,"href":"https:\/\/hervevalez.fr\/index.php?rest_route=\/wp\/v2\/pages\/54\/revisions"}],"predecessor-version":[{"id":5073,"href":"https:\/\/hervevalez.fr\/index.php?rest_route=\/wp\/v2\/pages\/54\/revisions\/5073"}],"wp:attachment":[{"href":"https:\/\/hervevalez.fr\/index.php?rest_route=%2Fwp%2Fv2%2Fmedia&parent=54"}],"curies":[{"name":"wp","href":"https:\/\/api.w.org\/{rel}","templated":true}]}}